{"id":1611,"date":"2015-12-22T09:55:41","date_gmt":"2015-12-22T09:55:41","guid":{"rendered":"http:\/\/www.nature-phototours.com\/homepage-2\/"},"modified":"2017-07-26T11:43:34","modified_gmt":"2017-07-26T09:43:34","slug":"homepage-2","status":"publish","type":"page","link":"https:\/\/www.nature-phototours.com\/en\/","title":{"rendered":"Homepage"},"content":{"rendered":"<div class=\"fw-page-builder-content\"><img decoding=\"async\" loading=\"lazy\" src=\"https:\/\/www.nature-phototours.com\/wp-content\/uploads\/2016\/09\/Gorazd-Golob-Fotolov-prez\u030ce-91.jpg\" alt=\"\" title=\"gorazd-golob-fotolov-preze-91\" width=\"1920\" height=\"1280\" data-bgposition=\"0% 50%\" data-bgfit=\"cover\" data-bgrepeat=\"no-repeat\" data-bgparallax=\"off\" class=\"rev-slidebg\" data-no-retina><\/p>\n<h1 class=\"tp-caption Fashion-BigDisplay tp-resizeme\" \n id=\"slide-20-layer-2\" \n data-x=\"['center','center','center','center']\" data-hoffset=\"['1','0','0','0']\" \n data-y=\"['middle','middle','middle','middle']\" data-voffset=\"['-159','-80','-77','-62']\" \n data-fontsize=\"['56','56','50','34']\"\n data-color=\"['rgba(13, 22, 15, 1.00)','rgba(249, 249, 249, 1.00)','rgba(233, 233, 233, 1.00)','rgba(233, 233, 233, 1.00)']\"\n data-width=\"none\"\n data-height=\"none\"\n data-whitespace=\"nowrap\"\n data-transform_idle=\"o:1;\"\n data-transform_in=\"y:-50px;opacity:0;s:500;e:Power1.easeIn;\" \n data-transform_out=\"opacity:0;s:300;\" \n data-start=\"500\" \n data-splitin=\"none\" \n data-splitout=\"none\" \n data-responsive_offset=\"on\" \n style=\"z-index: 5; white-space: nowrap; font-size: 56px; font-weight: 700; color: rgba(13, 22, 15, 1.00);font-family:Fira Sans;text-shadow:0.01em 0.01em 0.01em #FFF;\">\u010cudoviti svet \u017eivali <\/h1>\n<p> Fotografiranje divjih \u017eivali je ena najlep\u0161ih in najzahtevnej\u0161ih smeri fotografije. \u017divali, ki jih boste videli na na\u0161ih potovanjih so v\u010dasih kot iz pravljic in bli\u017enja sre\u010danja z nekaterimi vrstami pustijo globoke sledi v ljudeh; seveda v du\u0161i in spominih, kajti sledi krempljev na ko\u017ei ne prakticiramo.<br \/>\n PREVERITE PONUDBO<br \/>\n <img decoding=\"async\" loading=\"lazy\" src=\"https:\/\/www.nature-phototours.com\/wp-content\/uploads\/2016\/09\/Gorazd-Golob-Fotolov-NE-prez\u030ce-149.jpg\" alt=\"\" title=\"gorazd-golob-fotolov-ne-preze-149\" width=\"1920\" height=\"1280\" data-bgposition=\"0% 100%\" data-bgfit=\"cover\" data-bgrepeat=\"no-repeat\" data-bgparallax=\"off\" class=\"rev-slidebg\" data-no-retina><\/p>\n<h1 class=\"tp-caption Fashion-BigDisplay tp-resizeme\" \n id=\"slide-1-layer-2\" \n data-x=\"['right','right','right','center']\" data-hoffset=\"['195','80','15','61']\" \n data-y=\"['middle','middle','middle','middle']\" data-voffset=\"['-154','-68','-72','-69']\" \n data-fontsize=\"['56','56','50','34']\"\n data-color=\"['rgba(35, 35, 35, 1.00)','rgba(233, 233, 233, 1.00)','rgba(233, 233, 233, 1.00)','rgba(233, 233, 233, 1.00)']\"\n data-width=\"none\"\n data-height=\"none\"\n data-whitespace=\"nowrap\"\n data-transform_idle=\"o:1;\"\n data-transform_in=\"x:50px;opacity:0;s:500;e:Power1.easeIn;\" \n data-transform_out=\"opacity:0;s:300;\" \n data-start=\"500\" \n data-splitin=\"none\" \n data-splitout=\"none\" \n data-responsive_offset=\"on\" \n style=\"z-index: 5; white-space: nowrap; font-size: 56px; font-weight: 700; color: rgba(35, 35, 35, 1.00);font-family:Fira Sans;text-shadow:0.01em 0.01em 0.01em #FFF;\">Uspeh zagotovljen <\/h1>\n<p> Seveda je vnaprej dobre fotografije \u017eivali obljubljati nemogo\u010de, vendar \u010drpamo samozavest iz dolgoletnih izku\u0161enj in poznavanja lokacij, kot obna\u0161anja \u017eivali v dolo\u010denih obdobjih, da vam lahko obljubimo najbolj\u0161e pogoje za fotografijo. Seveda po tihem upamo na perfekcijo, \u0161e na sodelovanje na\u0161ih \u00bbmodelov\u00ab.<br \/>\n PREVERITE PONUDBO<br \/>\n <img decoding=\"async\" loading=\"lazy\" src=\"https:\/\/www.nature-phototours.com\/wp-content\/uploads\/2016\/09\/Gorazd-Golob-Fotolov-NE-prez\u030ce-45.jpg\" alt=\"\" title=\"gorazd-golob-fotolov-ne-preze-45\" width=\"1918\" height=\"1280\" data-bgposition=\"50% 100%\" data-bgfit=\"cover\" data-bgrepeat=\"no-repeat\" data-bgparallax=\"off\" class=\"rev-slidebg\" data-no-retina><\/p>\n<h1 class=\"tp-caption Fashion-BigDisplay tp-resizeme\" \n id=\"slide-19-layer-2\" \n data-x=\"['left','left','left','center']\" data-hoffset=\"['195','81','15','-62']\" \n data-y=\"['middle','middle','middle','middle']\" data-voffset=\"['-155','-69','-62','-72']\" \n data-fontsize=\"['56','56','50','34']\"\n data-color=\"['rgba(255, 255, 255, 1.00)','rgba(233, 233, 233, 1.00)','rgba(233, 233, 233, 1.00)','rgba(233, 233, 233, 1.00)']\"\n data-width=\"none\"\n data-height=\"none\"\n data-whitespace=\"nowrap\"\n data-transform_idle=\"o:1;\"\n data-transform_in=\"x:-50px;opacity:0;s:500;e:Power1.easeIn;\" \n data-transform_out=\"opacity:0;s:300;\" \n data-start=\"500\" \n data-splitin=\"none\" \n data-splitout=\"none\" \n data-responsive_offset=\"on\" \n style=\"z-index: 5; white-space: nowrap; font-size: 56px; font-weight: 700; color: rgba(255, 255, 255, 1.00);font-family:Fira Sans;text-shadow:0.01em 0.01em 0.01em #232323;\">Spro\u0161\u010dena potovanja <\/h1>\n<p> Majhne skupine (ve\u010dinoma do najve\u010d 6 fotografov), ki omogo\u010dijo okretnost, manj \u010dakanja posameznikov ter bolj pristno komunikacijo in mo\u017enost uresni\u010ditve posameznikovih \u017eelja, seveda ne na \u0161kodo skupine. Tak\u0161na skupina je zelo fleksibilna in rezultati so bolj\u0161i.<br \/>\n PREVERITE PONUDBO<br \/>\n <img decoding=\"async\" loading=\"lazy\" src=\"https:\/\/www.nature-phototours.com\/wp-content\/uploads\/2016\/09\/20160423-_DSC0342.jpg\" alt=\"\" title=\"20160423-_dsc0342\" width=\"1623\" height=\"1080\" data-bgposition=\"0% 50%\" data-bgfit=\"cover\" data-bgrepeat=\"no-repeat\" data-bgparallax=\"off\" class=\"rev-slidebg\" data-no-retina><\/p>\n<h1 class=\"tp-caption Fashion-BigDisplay tp-resizeme\" \n id=\"slide-21-layer-2\" \n data-x=\"['center','center','center','center']\" data-hoffset=\"['0','0','0','0']\" \n data-y=\"['middle','middle','middle','middle']\" data-voffset=\"['-160','-80','-77','-62']\" \n data-fontsize=\"['56','56','50','34']\"\n data-color=\"['rgba(237, 237, 237, 1.00)','rgba(249, 249, 249, 1.00)','rgba(233, 233, 233, 1.00)','rgba(233, 233, 233, 1.00)']\"\n data-width=\"none\"\n data-height=\"none\"\n data-whitespace=\"nowrap\"\n data-transform_idle=\"o:1;\"\n data-transform_in=\"y:-50px;opacity:0;s:500;e:Power1.easeIn;\" \n data-transform_out=\"opacity:0;s:300;\" \n data-start=\"500\" \n data-splitin=\"none\" \n data-splitout=\"none\" \n data-responsive_offset=\"on\" \n style=\"z-index: 5; white-space: nowrap; font-size: 56px; font-weight: 700; color: rgba(237, 237, 237, 1.00);font-family:Fira Sans;text-shadow:0.01em 0.01em 0.01em #232323;\">Njena visokost \u2013 foto oprema <\/h1>\n<p> Ker je oprema na tak\u0161nih potovanjih pomembna, dragocena in potrebuje elektriko za delovanje, poskrbimo, da je vedno mo\u017enost polnjenja baterij, praznjenja spominskih kartic, dovolj prostora za opletanje s teleobjektivi, brez sopotnikovega skakanja pred objektiv in da je poskrbljeno za varnost. Potovanja z avtobusi in spanja v cenej\u0161ih hotelih tako odpadejo.<br \/>\n PREVERITE PONUDBO<br \/>\n.tp-caption.Fashion-BigDisplay,.Fashion-BigDisplay{color:rgba(0,0,0,1.00);font-size:60px;line-height:60px;font-weight:900;font-style:normal;font-family:Raleway;padding:0px 0px 0px 0px;text-decoration:none;background-color:transparent;border-color:transparent;border-style:none;border-width:0px;border-radius:0px 0px 0px 0px;letter-spacing:2px}<br \/>\n \/******************************************<br \/>\n &#8211; PREPARE PLACEHOLDER FOR SLIDER &#8211;<br \/>\n ******************************************\/<br \/>\n var setREVStartSize=function(){<br \/>\n try{var e=new Object,i=jQuery(window).width(),t=9999,r=0,n=0,l=0,f=0,s=0,h=0;<br \/>\n e.c = jQuery(&#8216;#rev_slider_1_1&#8217;);<br \/>\n e.responsiveLevels = [1240,1024,778,480];<br \/>\n e.gridwidth = [1541,990,768,480];<br \/>\n e.gridheight = [667,667,500,400];<br \/>\n e.sliderLayout = &#8220;auto&#8221;;<br \/>\n if(e.responsiveLevels&#038;&#038;(jQuery.each(e.responsiveLevels,function(e,f){f>i&#038;&#038;(t=r=f,l=e),i>f&#038;&#038;f>r&#038;&#038;(r=f,n=e)}),t>r&#038;&#038;(l=n)),f=e.gridheight[l]||e.gridheight[0]||e.gridheight,s=e.gridwidth[l]||e.gridwidth[0]||e.gridwidth,h=i\/s,h=h>1?1:h,f=Math.round(h*f),&#8221;fullscreen&#8221;==e.sliderLayout){var u=(e.c.width(),jQuery(window).height());if(void 0!=e.fullScreenOffsetContainer){var c=e.fullScreenOffsetContainer.split(&#8220;,&#8221;);if (c) jQuery.each(c,function(e,i){u=jQuery(i).length>0?u-jQuery(i).outerHeight(!0):u}),e.fullScreenOffset.split(&#8220;%&#8221;).length>1&#038;&#038;void 0!=e.fullScreenOffset&#038;&#038;e.fullScreenOffset.length>0?u-=jQuery(window).height()*parseInt(e.fullScreenOffset,0)\/100:void 0!=e.fullScreenOffset&#038;&#038;e.fullScreenOffset.length>0&#038;&#038;(u-=parseInt(e.fullScreenOffset,0))}f=u}else void 0!=e.minHeight&#038;&#038;f<\/p>\n<p><!-- 5a01a0dbacafd3b9ea84f3ef8ef893d0 --><\/div>\n","protected":false},"excerpt":{"rendered":"<p>\u010cudoviti svet \u017eivali Fotografiranje divjih \u017eivali je ena najlep\u0161ih in najzahtevnej\u0161ih smeri fotografije. \u017divali, ki jih boste videli na na\u0161ih potovanjih so v\u010dasih kot iz pravljic in bli\u017enja sre\u010danja z nekaterimi vrstami pustijo globoke sledi v ljudeh; seveda v du\u0161i in spominih, kajti sledi krempljev na ko\u017ei ne prakticiramo. PREVERITE PONUDBO Uspeh zagotovljen Seveda je [&hellip;]<\/p>\n","protected":false},"author":1,"featured_media":0,"parent":0,"menu_order":0,"comment_status":"closed","ping_status":"closed","template":"visual-builder-template.php","meta":[],"_links":{"self":[{"href":"https:\/\/www.nature-phototours.com\/en\/wp-json\/wp\/v2\/pages\/1611"}],"collection":[{"href":"https:\/\/www.nature-phototours.com\/en\/wp-json\/wp\/v2\/pages"}],"about":[{"href":"https:\/\/www.nature-phototours.com\/en\/wp-json\/wp\/v2\/types\/page"}],"author":[{"embeddable":true,"href":"https:\/\/www.nature-phototours.com\/en\/wp-json\/wp\/v2\/users\/1"}],"replies":[{"embeddable":true,"href":"https:\/\/www.nature-phototours.com\/en\/wp-json\/wp\/v2\/comments?post=1611"}],"version-history":[{"count":4,"href":"https:\/\/www.nature-phototours.com\/en\/wp-json\/wp\/v2\/pages\/1611\/revisions"}],"predecessor-version":[{"id":1873,"href":"https:\/\/www.nature-phototours.com\/en\/wp-json\/wp\/v2\/pages\/1611\/revisions\/1873"}],"wp:attachment":[{"href":"https:\/\/www.nature-phototours.com\/en\/wp-json\/wp\/v2\/media?parent=1611"}],"curies":[{"name":"wp","href":"https:\/\/api.w.org\/{rel}","templated":true}]}}